{"id":102,"date":"2022-10-18T09:42:10","date_gmt":"2022-10-18T09:42:10","guid":{"rendered":"http:\/\/ww2.dogaru.es\/?page_id=102"},"modified":"2022-10-18T09:42:10","modified_gmt":"2022-10-18T09:42:10","slug":"revestimientos-y-falsos-techos","status":"publish","type":"page","link":"http:\/\/ww2.dogaru.es\/?page_id=102","title":{"rendered":"REVESTIMIENTOS Y FALSOS TECHOS"},"content":{"rendered":"\n<div class=\"is-layout-flex wp-container-5 wp-block-columns alignfull\">\n<div class=\"is-layout-flow wp-block-column\" style=\"flex-basis:50%\">\n<div class=\"wp-block-cover is-light\" style=\"min-height:600px\"><span aria-hidden=\"true\" class=\"wp-block-cover__background has-background-dim-100 has-background-dim\" style=\"background-color:#f6f6f6\"><\/span><div class=\"wp-block-cover__inner-container\">\n<figure class=\"wp-block-image aligncenter size-full\"><img decoding=\"async\" loading=\"lazy\" width=\"122\" height=\"346\" src=\"http:\/\/ww2.dogaru.es\/wp-content\/uploads\/2022\/10\/presupuesto-1.png\" alt=\"\" class=\"wp-image-37\" srcset=\"http:\/\/ww2.dogaru.es\/wp-content\/uploads\/2022\/10\/presupuesto-1.png 122w, http:\/\/ww2.dogaru.es\/wp-content\/uploads\/2022\/10\/presupuesto-1-106x300.png 106w\" sizes=\"(max-width: 122px) 100vw, 122px\" \/><\/figure>\n\n\n\n<h2>Pide tu presupuesto<\/h2>\n\n\n\n<p>Realizamos tu presupuesto, a la medida de tus necesidades,<\/p>\n\n\n\n<p>con el mejor precio, la m\u00e1xima calidad y lo mejor de todo, gratuito<\/p>\n\n\n\n<p>y sin compromiso.<\/p>\n\n\n\n<p><a href=\"http:\/\/ww2.dogaru.es\/?page_id=31\">Consulta con nuestros asesores<\/a>.<\/p>\n<\/div><\/div>\n<\/div>\n\n\n\n<div class=\"is-layout-flow wp-block-column is-vertically-aligned-center\" style=\"padding-top:1em;padding-right:1em;padding-bottom:1em;padding-left:1em\">\n<div class=\"is-layout-flex wp-container-3 wp-block-columns\">\n<div class=\"is-layout-flow wp-block-column\" style=\"flex-basis:320px\">\n<figure class=\"wp-block-image size-full\"><img decoding=\"async\" loading=\"lazy\" width=\"300\" height=\"188\" src=\"http:\/\/ww2.dogaru.es\/wp-content\/uploads\/2022\/10\/logo300.jpg\" alt=\"\" class=\"wp-image-44\"\/><\/figure>\n\n\n\n<p class=\"has-small-font-size\" style=\"line-height:1.6\">Colocaci\u00f3n de falsos techos para bajar la habitaci\u00f3n, cocina, ba\u00f1o, etc. Hacemos como ya se ha dicho, trabajos de rehabilitaci\u00f3n y uno de estos trabajos es la recolocaci\u00f3n de falsos techos con la que se puede jugar a cambiar la distribuci\u00f3n de los focos luminosos de una determinada zona de la casa.<\/p>\n<\/div>\n<\/div>\n<\/div>\n<\/div>\n","protected":false},"excerpt":{"rendered":"<p>Colocaci\u00f3n de falsos techos para bajar la habitaci\u00f3n, cocina, ba\u00f1o, etc. Hacemos como ya se ha dicho, trabajos de rehabilitaci\u00f3n y uno de estos trabajos es la recolocaci\u00f3n de falsos techos con la que se puede jugar a cambiar la distribuci\u00f3n de los focos luminosos de una determinada zona de la casa.<\/p>\n","protected":false},"author":1,"featured_media":0,"parent":0,"menu_order":0,"comment_status":"closed","ping_status":"closed","template":"","meta":[],"_links":{"self":[{"href":"http:\/\/ww2.dogaru.es\/index.php?rest_route=\/wp\/v2\/pages\/102"}],"collection":[{"href":"http:\/\/ww2.dogaru.es\/index.php?rest_route=\/wp\/v2\/pages"}],"about":[{"href":"http:\/\/ww2.dogaru.es\/index.php?rest_route=\/wp\/v2\/types\/page"}],"author":[{"embeddable":true,"href":"http:\/\/ww2.dogaru.es\/index.php?rest_route=\/wp\/v2\/users\/1"}],"replies":[{"embeddable":true,"href":"http:\/\/ww2.dogaru.es\/index.php?rest_route=%2Fwp%2Fv2%2Fcomments&post=102"}],"version-history":[{"count":1,"href":"http:\/\/ww2.dogaru.es\/index.php?rest_route=\/wp\/v2\/pages\/102\/revisions"}],"predecessor-version":[{"id":103,"href":"http:\/\/ww2.dogaru.es\/index.php?rest_route=\/wp\/v2\/pages\/102\/revisions\/103"}],"wp:attachment":[{"href":"http:\/\/ww2.dogaru.es\/index.php?rest_route=%2Fwp%2Fv2%2Fmedia&parent=102"}],"curies":[{"name":"wp","href":"https:\/\/api.w.org\/{rel}","templated":true}]}}